{"id":2425,"date":"2020-03-27T14:23:10","date_gmt":"2020-03-27T14:23:10","guid":{"rendered":"https:\/\/rockwines.it\/a-proposito-di-noi\/"},"modified":"2024-03-11T19:31:11","modified_gmt":"2024-03-11T18:31:11","slug":"a-proposito-di-noi","status":"publish","type":"page","link":"https:\/\/rockwines.it\/it\/a-proposito-di-noi\/","title":{"rendered":"Storia"},"content":{"rendered":"<div class=\"wpb-content-wrapper\"><p>[vc_row css_animation=&#8221;&#8221; row_type=&#8221;row&#8221; use_row_as_full_screen_section=&#8221;no&#8221; type=&#8221;grid&#8221; angled_section=&#8221;no&#8221; text_align=&#8221;left&#8221; background_image_as_pattern=&#8221;without_pattern&#8221; z_index=&#8221;&#8221; css=&#8221;.vc_custom_1575622160310{margin-top: 100px !important;margin-bottom: 100px !important;}&#8221;][vc_column][qode_elements_holder number_of_columns=&#8221;one_column&#8221;][qode_elements_holder_item advanced_animations=&#8221;no&#8221;][vc_column_text]<\/p>\n<h3>Qualit\u00e0, Creativit\u00e0 e Divertimento<\/h3>\n<p>.Rockwines \u00e8 una storia vera.<br \/>\n.La Storia comincia<br \/>\n..molti anni f\u00e0 nelle campagne di<br \/>\n..via Ca&#8217; del Ferro, 13 e<br \/>\n&#8230;nei vigneti di Marcellise a Verona<br \/>\n&#8230;.e arriva fino ad oggi,<br \/>\n&#8230;..con una visione moderna e cosmopolita della vita,<br \/>\n&#8230;&#8230;..guidata da una vera passione per la qualit\u00e0 e la creativit\u00e0.<br \/>\n&#8230;&#8230;&#8230;..Tutto \u00e8 condito con<br \/>\n&#8230;&#8230;&#8230;&#8230;..una &#8220;Ricetta Segreta&#8221;.<br \/>\n&#8230;&#8230;&#8230;&#8230;&#8230;.Rock Wines racconta questa storia,<br \/>\n&#8230;&#8230;&#8230;&#8230;&#8230;&#8230;&#8230;.uno dopo l&#8217;altro.<br \/>\n&#8230;&#8230;&#8230;&#8230;&#8230;&#8230;&#8230;&#8230;&#8230;ogni vino racconta un episodio divertente,<br \/>\n&#8230;&#8230;&#8230;&#8230;&#8230;&#8230;&#8230;&#8230;&#8230;&#8230;&#8230;.come capitoli di un libro ancora in corso d&#8217;opera<br \/>\n&#8230;&#8230;&#8230;&#8230;&#8230;&#8230;&#8230;&#8230;&#8230;&#8230;&#8230;&#8230;&#8230;&#8230;Ogni creazione \u00e8 il risultato di un lavoro accurato<br \/>\n&#8230;&#8230;&#8230;&#8230;&#8230;&#8230;&#8230;&#8230;&#8230;&#8230;&#8230;&#8230;&#8230;&#8230;&#8230;&#8230;&#8230;fatto con buoni amici,<br \/>\n&#8230;&#8230;&#8230;&#8230;&#8230;&#8230;&#8230;&#8230;&#8230;&#8230;&#8230;&#8230;&#8230;&#8230;&#8230;&#8230;&#8230;&#8230;&#8230;&#8230;con quell&#8217;energia positiva,<br \/>\n&#8230;&#8230;&#8230;&#8230;&#8230;&#8230;&#8230;&#8230;&#8230;&#8230;&#8230;&#8230;&#8230;&#8230;&#8230;&#8230;&#8230;&#8230;&#8230;&#8230;&#8230;&#8230;&#8230;&#8230;..che rende le cose possibili.<\/p>\n<p>[\/vc_column_text][\/qode_elements_holder_item][\/qode_elements_holder][\/vc_column][\/vc_row][vc_row css_animation=&#8221;&#8221; row_type=&#8221;row&#8221; use_row_as_full_screen_section=&#8221;no&#8221; type=&#8221;grid&#8221; angled_section=&#8221;no&#8221; text_align=&#8221;center&#8221; background_image_as_pattern=&#8221;without_pattern&#8221; padding_bottom=&#8221;50&#8243; z_index=&#8221;&#8221; css=&#8221;.vc_custom_1575622193931{margin-top: 150px !important;}&#8221;][vc_column]<div class=\"qode-advanced-image-gallery  qode-aig-grid-type qode-no-space  qode-image-behavior-zoom \">\n\t<div class=\"qode-aig-inner qode-outer-space qode-aig-grid qode-aig-four-columns\">\n\t\t\t\t\t<div class=\"qode-aig-image qode-item-space\">\n\t\t\t\t<div class=\"qode-aig-image-inner\">\n\t\t\t\t\t\t\t\t\t\t\t<img fetchpriority=\"high\" decoding=\"async\" width=\"800\" height=\"800\" src=\"https:\/\/rockwines.it\/wp-content\/uploads\/2020\/02\/800x800_3.jpg\" class=\"attachment-full size-full\" alt=\"\" srcset=\"https:\/\/rockwines.it\/wp-content\/uploads\/2020\/02\/800x800_3.jpg 800w, https:\/\/rockwines.it\/wp-content\/uploads\/2020\/02\/800x800_3-100x100.jpg 100w, https:\/\/rockwines.it\/wp-content\/uploads\/2020\/02\/800x800_3-600x600.jpg 600w, https:\/\/rockwines.it\/wp-content\/uploads\/2020\/02\/800x800_3-300x300.jpg 300w, https:\/\/rockwines.it\/wp-content\/uploads\/2020\/02\/800x800_3-150x150.jpg 150w, https:\/\/rockwines.it\/wp-content\/uploads\/2020\/02\/800x800_3-768x768.jpg 768w, https:\/\/rockwines.it\/wp-content\/uploads\/2020\/02\/800x800_3-570x570.jpg 570w, https:\/\/rockwines.it\/wp-content\/uploads\/2020\/02\/800x800_3-500x500.jpg 500w, https:\/\/rockwines.it\/wp-content\/uploads\/2020\/02\/800x800_3-700x700.jpg 700w\" sizes=\"(max-width: 800px) 100vw, 800px\" \/>\t\t\t\t\t\t<span class=\"aig-gallery-hover\">\n\t\t\t\t\t\t\t\t\t\t\t\t\t<\/span>\n\t\t\t\t\t\t\t\t\t<\/div>\n\t\t\t<\/div>\n\t\t\t\t\t\t\t\t<div class=\"qode-aig-image qode-item-space\">\n\t\t\t\t<div class=\"qode-aig-image-inner\">\n\t\t\t\t\t\t\t\t\t\t\t<img decoding=\"async\" width=\"1025\" height=\"1032\" src=\"https:\/\/rockwines.it\/wp-content\/uploads\/SMART-AS-_-BIKE-1.jpg\" class=\"attachment-full size-full\" alt=\"\" srcset=\"https:\/\/rockwines.it\/wp-content\/uploads\/SMART-AS-_-BIKE-1.jpg 1025w, https:\/\/rockwines.it\/wp-content\/uploads\/SMART-AS-_-BIKE-1-100x100.jpg 100w, https:\/\/rockwines.it\/wp-content\/uploads\/SMART-AS-_-BIKE-1-600x604.jpg 600w, https:\/\/rockwines.it\/wp-content\/uploads\/SMART-AS-_-BIKE-1-298x300.jpg 298w, https:\/\/rockwines.it\/wp-content\/uploads\/SMART-AS-_-BIKE-1-150x150.jpg 150w, https:\/\/rockwines.it\/wp-content\/uploads\/SMART-AS-_-BIKE-1-768x773.jpg 768w, https:\/\/rockwines.it\/wp-content\/uploads\/SMART-AS-_-BIKE-1-700x705.jpg 700w\" sizes=\"(max-width: 1025px) 100vw, 1025px\" \/>\t\t\t\t\t\t<span class=\"aig-gallery-hover\">\n\t\t\t\t\t\t\t\t\t\t\t\t\t<\/span>\n\t\t\t\t\t\t\t\t\t<\/div>\n\t\t\t<\/div>\n\t\t\t\t\t\t\t\t<div class=\"qode-aig-image qode-item-space\">\n\t\t\t\t<div class=\"qode-aig-image-inner\">\n\t\t\t\t\t\t\t\t\t\t\t<img decoding=\"async\" width=\"1024\" height=\"1024\" src=\"https:\/\/rockwines.it\/wp-content\/uploads\/Rock-Wines-10-Things-Flowers.jpg.jpg\" class=\"attachment-full size-full\" alt=\"\" srcset=\"https:\/\/rockwines.it\/wp-content\/uploads\/Rock-Wines-10-Things-Flowers.jpg.jpg 1024w, https:\/\/rockwines.it\/wp-content\/uploads\/Rock-Wines-10-Things-Flowers.jpg-100x100.jpg 100w, https:\/\/rockwines.it\/wp-content\/uploads\/Rock-Wines-10-Things-Flowers.jpg-600x600.jpg 600w, https:\/\/rockwines.it\/wp-content\/uploads\/Rock-Wines-10-Things-Flowers.jpg-300x300.jpg 300w, https:\/\/rockwines.it\/wp-content\/uploads\/Rock-Wines-10-Things-Flowers.jpg-150x150.jpg 150w, https:\/\/rockwines.it\/wp-content\/uploads\/Rock-Wines-10-Things-Flowers.jpg-768x768.jpg 768w, https:\/\/rockwines.it\/wp-content\/uploads\/Rock-Wines-10-Things-Flowers.jpg-570x570.jpg 570w, https:\/\/rockwines.it\/wp-content\/uploads\/Rock-Wines-10-Things-Flowers.jpg-500x500.jpg 500w, https:\/\/rockwines.it\/wp-content\/uploads\/Rock-Wines-10-Things-Flowers.jpg-1000x1000.jpg 1000w, https:\/\/rockwines.it\/wp-content\/uploads\/Rock-Wines-10-Things-Flowers.jpg-700x700.jpg 700w\" sizes=\"(max-width: 1024px) 100vw, 1024px\" \/>\t\t\t\t\t\t<span class=\"aig-gallery-hover\">\n\t\t\t\t\t\t\t\t\t\t\t\t\t<\/span>\n\t\t\t\t\t\t\t\t\t<\/div>\n\t\t\t<\/div>\n\t\t\t\t\t\t\t\t<div class=\"qode-aig-image qode-item-space\">\n\t\t\t\t<div class=\"qode-aig-image-inner\">\n\t\t\t\t\t\t\t\t\t\t\t<img loading=\"lazy\" decoding=\"async\" width=\"1024\" height=\"1024\" src=\"https:\/\/rockwines.it\/wp-content\/uploads\/10-THINGS-EAGLE-STREET-ART.jpg\" class=\"attachment-full size-full\" alt=\"\" srcset=\"https:\/\/rockwines.it\/wp-content\/uploads\/10-THINGS-EAGLE-STREET-ART.jpg 1024w, https:\/\/rockwines.it\/wp-content\/uploads\/10-THINGS-EAGLE-STREET-ART-100x100.jpg 100w, https:\/\/rockwines.it\/wp-content\/uploads\/10-THINGS-EAGLE-STREET-ART-600x600.jpg 600w, https:\/\/rockwines.it\/wp-content\/uploads\/10-THINGS-EAGLE-STREET-ART-300x300.jpg 300w, https:\/\/rockwines.it\/wp-content\/uploads\/10-THINGS-EAGLE-STREET-ART-150x150.jpg 150w, https:\/\/rockwines.it\/wp-content\/uploads\/10-THINGS-EAGLE-STREET-ART-768x768.jpg 768w, https:\/\/rockwines.it\/wp-content\/uploads\/10-THINGS-EAGLE-STREET-ART-570x570.jpg 570w, https:\/\/rockwines.it\/wp-content\/uploads\/10-THINGS-EAGLE-STREET-ART-500x500.jpg 500w, https:\/\/rockwines.it\/wp-content\/uploads\/10-THINGS-EAGLE-STREET-ART-1000x1000.jpg 1000w, https:\/\/rockwines.it\/wp-content\/uploads\/10-THINGS-EAGLE-STREET-ART-700x700.jpg 700w\" sizes=\"(max-width: 1024px) 100vw, 1024px\" \/>\t\t\t\t\t\t<span class=\"aig-gallery-hover\">\n\t\t\t\t\t\t\t\t\t\t\t\t\t<\/span>\n\t\t\t\t\t\t\t\t\t<\/div>\n\t\t\t<\/div>\n\t\t\t\t\t\t\t\t<div class=\"qode-aig-image qode-item-space\">\n\t\t\t\t<div class=\"qode-aig-image-inner\">\n\t\t\t\t\t\t\t\t\t\t\t<img loading=\"lazy\" decoding=\"async\" width=\"1024\" height=\"1024\" src=\"https:\/\/rockwines.it\/wp-content\/uploads\/BAD-BOY-WINE.jpg\" class=\"attachment-full size-full\" alt=\"\" srcset=\"https:\/\/rockwines.it\/wp-content\/uploads\/BAD-BOY-WINE.jpg 1024w, https:\/\/rockwines.it\/wp-content\/uploads\/BAD-BOY-WINE-100x100.jpg 100w, https:\/\/rockwines.it\/wp-content\/uploads\/BAD-BOY-WINE-600x600.jpg 600w, https:\/\/rockwines.it\/wp-content\/uploads\/BAD-BOY-WINE-300x300.jpg 300w, https:\/\/rockwines.it\/wp-content\/uploads\/BAD-BOY-WINE-150x150.jpg 150w, https:\/\/rockwines.it\/wp-content\/uploads\/BAD-BOY-WINE-768x768.jpg 768w, https:\/\/rockwines.it\/wp-content\/uploads\/BAD-BOY-WINE-570x570.jpg 570w, https:\/\/rockwines.it\/wp-content\/uploads\/BAD-BOY-WINE-500x500.jpg 500w, https:\/\/rockwines.it\/wp-content\/uploads\/BAD-BOY-WINE-1000x1000.jpg 1000w, https:\/\/rockwines.it\/wp-content\/uploads\/BAD-BOY-WINE-700x700.jpg 700w\" sizes=\"(max-width: 1024px) 100vw, 1024px\" \/>\t\t\t\t\t\t<span class=\"aig-gallery-hover\">\n\t\t\t\t\t\t\t\t\t\t\t\t\t<\/span>\n\t\t\t\t\t\t\t\t\t<\/div>\n\t\t\t<\/div>\n\t\t\t\t\t\t\t\t<div class=\"qode-aig-image qode-item-space\">\n\t\t\t\t<div class=\"qode-aig-image-inner\">\n\t\t\t\t\t\t\t\t\t\t\t<img loading=\"lazy\" decoding=\"async\" width=\"1024\" height=\"1024\" src=\"https:\/\/rockwines.it\/wp-content\/uploads\/GREY-EMINENCE_Giselle.jpg\" class=\"attachment-full size-full\" alt=\"\" srcset=\"https:\/\/rockwines.it\/wp-content\/uploads\/GREY-EMINENCE_Giselle.jpg 1024w, https:\/\/rockwines.it\/wp-content\/uploads\/GREY-EMINENCE_Giselle-100x100.jpg 100w, https:\/\/rockwines.it\/wp-content\/uploads\/GREY-EMINENCE_Giselle-600x600.jpg 600w, https:\/\/rockwines.it\/wp-content\/uploads\/GREY-EMINENCE_Giselle-300x300.jpg 300w, https:\/\/rockwines.it\/wp-content\/uploads\/GREY-EMINENCE_Giselle-150x150.jpg 150w, https:\/\/rockwines.it\/wp-content\/uploads\/GREY-EMINENCE_Giselle-768x768.jpg 768w, https:\/\/rockwines.it\/wp-content\/uploads\/GREY-EMINENCE_Giselle-570x570.jpg 570w, https:\/\/rockwines.it\/wp-content\/uploads\/GREY-EMINENCE_Giselle-500x500.jpg 500w, https:\/\/rockwines.it\/wp-content\/uploads\/GREY-EMINENCE_Giselle-1000x1000.jpg 1000w, https:\/\/rockwines.it\/wp-content\/uploads\/GREY-EMINENCE_Giselle-700x700.jpg 700w\" sizes=\"(max-width: 1024px) 100vw, 1024px\" \/>\t\t\t\t\t\t<span class=\"aig-gallery-hover\">\n\t\t\t\t\t\t\t\t\t\t\t\t\t<\/span>\n\t\t\t\t\t\t\t\t\t<\/div>\n\t\t\t<\/div>\n\t\t\t\t\t\t\t\t<div class=\"qode-aig-image qode-item-space\">\n\t\t\t\t<div class=\"qode-aig-image-inner\">\n\t\t\t\t\t\t\t\t\t\t\t<img loading=\"lazy\" decoding=\"async\" width=\"1024\" height=\"1024\" src=\"https:\/\/rockwines.it\/wp-content\/uploads\/ROCKWINES_HORSE_SMART-AS-NERO-D-AVOLA-CABERNET-ORGANIC-2.jpg\" class=\"attachment-full size-full\" alt=\"\" srcset=\"https:\/\/rockwines.it\/wp-content\/uploads\/ROCKWINES_HORSE_SMART-AS-NERO-D-AVOLA-CABERNET-ORGANIC-2.jpg 1024w, https:\/\/rockwines.it\/wp-content\/uploads\/ROCKWINES_HORSE_SMART-AS-NERO-D-AVOLA-CABERNET-ORGANIC-2-100x100.jpg 100w, https:\/\/rockwines.it\/wp-content\/uploads\/ROCKWINES_HORSE_SMART-AS-NERO-D-AVOLA-CABERNET-ORGANIC-2-600x600.jpg 600w, https:\/\/rockwines.it\/wp-content\/uploads\/ROCKWINES_HORSE_SMART-AS-NERO-D-AVOLA-CABERNET-ORGANIC-2-300x300.jpg 300w, https:\/\/rockwines.it\/wp-content\/uploads\/ROCKWINES_HORSE_SMART-AS-NERO-D-AVOLA-CABERNET-ORGANIC-2-150x150.jpg 150w, https:\/\/rockwines.it\/wp-content\/uploads\/ROCKWINES_HORSE_SMART-AS-NERO-D-AVOLA-CABERNET-ORGANIC-2-768x768.jpg 768w, https:\/\/rockwines.it\/wp-content\/uploads\/ROCKWINES_HORSE_SMART-AS-NERO-D-AVOLA-CABERNET-ORGANIC-2-570x570.jpg 570w, https:\/\/rockwines.it\/wp-content\/uploads\/ROCKWINES_HORSE_SMART-AS-NERO-D-AVOLA-CABERNET-ORGANIC-2-500x500.jpg 500w, https:\/\/rockwines.it\/wp-content\/uploads\/ROCKWINES_HORSE_SMART-AS-NERO-D-AVOLA-CABERNET-ORGANIC-2-1000x1000.jpg 1000w, https:\/\/rockwines.it\/wp-content\/uploads\/ROCKWINES_HORSE_SMART-AS-NERO-D-AVOLA-CABERNET-ORGANIC-2-700x700.jpg 700w\" sizes=\"(max-width: 1024px) 100vw, 1024px\" \/>\t\t\t\t\t\t<span class=\"aig-gallery-hover\">\n\t\t\t\t\t\t\t\t\t\t\t\t\t<\/span>\n\t\t\t\t\t\t\t\t\t<\/div>\n\t\t\t<\/div>\n\t\t\t\t\t\t\t\t<div class=\"qode-aig-image qode-item-space\">\n\t\t\t\t<div class=\"qode-aig-image-inner\">\n\t\t\t\t\t\t\t\t\t\t\t<img loading=\"lazy\" decoding=\"async\" width=\"1024\" height=\"1024\" src=\"https:\/\/rockwines.it\/wp-content\/uploads\/RPOCK-WINES-GREY-EMINENCE-PROSECCO-SAN-VALENTINO.jpg\" class=\"attachment-full size-full\" alt=\"\" srcset=\"https:\/\/rockwines.it\/wp-content\/uploads\/RPOCK-WINES-GREY-EMINENCE-PROSECCO-SAN-VALENTINO.jpg 1024w, https:\/\/rockwines.it\/wp-content\/uploads\/RPOCK-WINES-GREY-EMINENCE-PROSECCO-SAN-VALENTINO-100x100.jpg 100w, https:\/\/rockwines.it\/wp-content\/uploads\/RPOCK-WINES-GREY-EMINENCE-PROSECCO-SAN-VALENTINO-600x600.jpg 600w, https:\/\/rockwines.it\/wp-content\/uploads\/RPOCK-WINES-GREY-EMINENCE-PROSECCO-SAN-VALENTINO-300x300.jpg 300w, https:\/\/rockwines.it\/wp-content\/uploads\/RPOCK-WINES-GREY-EMINENCE-PROSECCO-SAN-VALENTINO-150x150.jpg 150w, https:\/\/rockwines.it\/wp-content\/uploads\/RPOCK-WINES-GREY-EMINENCE-PROSECCO-SAN-VALENTINO-768x768.jpg 768w, https:\/\/rockwines.it\/wp-content\/uploads\/RPOCK-WINES-GREY-EMINENCE-PROSECCO-SAN-VALENTINO-570x570.jpg 570w, https:\/\/rockwines.it\/wp-content\/uploads\/RPOCK-WINES-GREY-EMINENCE-PROSECCO-SAN-VALENTINO-500x500.jpg 500w, https:\/\/rockwines.it\/wp-content\/uploads\/RPOCK-WINES-GREY-EMINENCE-PROSECCO-SAN-VALENTINO-1000x1000.jpg 1000w, https:\/\/rockwines.it\/wp-content\/uploads\/RPOCK-WINES-GREY-EMINENCE-PROSECCO-SAN-VALENTINO-700x700.jpg 700w\" sizes=\"(max-width: 1024px) 100vw, 1024px\" \/>\t\t\t\t\t\t<span class=\"aig-gallery-hover\">\n\t\t\t\t\t\t\t\t\t\t\t\t\t<\/span>\n\t\t\t\t\t\t\t\t\t<\/div>\n\t\t\t<\/div>\n\t\t\t\t\t\t\t\t<div class=\"qode-aig-image qode-item-space\">\n\t\t\t\t<div class=\"qode-aig-image-inner\">\n\t\t\t\t\t\t\t\t\t\t\t<img loading=\"lazy\" decoding=\"async\" width=\"1024\" height=\"1024\" src=\"https:\/\/rockwines.it\/wp-content\/uploads\/Hellen-woman_green-eyes-10-things.jpg\" class=\"attachment-full size-full\" alt=\"\" srcset=\"https:\/\/rockwines.it\/wp-content\/uploads\/Hellen-woman_green-eyes-10-things.jpg 1024w, https:\/\/rockwines.it\/wp-content\/uploads\/Hellen-woman_green-eyes-10-things-100x100.jpg 100w, https:\/\/rockwines.it\/wp-content\/uploads\/Hellen-woman_green-eyes-10-things-600x600.jpg 600w, https:\/\/rockwines.it\/wp-content\/uploads\/Hellen-woman_green-eyes-10-things-300x300.jpg 300w, https:\/\/rockwines.it\/wp-content\/uploads\/Hellen-woman_green-eyes-10-things-150x150.jpg 150w, https:\/\/rockwines.it\/wp-content\/uploads\/Hellen-woman_green-eyes-10-things-768x768.jpg 768w, https:\/\/rockwines.it\/wp-content\/uploads\/Hellen-woman_green-eyes-10-things-570x570.jpg 570w, https:\/\/rockwines.it\/wp-content\/uploads\/Hellen-woman_green-eyes-10-things-500x500.jpg 500w, https:\/\/rockwines.it\/wp-content\/uploads\/Hellen-woman_green-eyes-10-things-1000x1000.jpg 1000w, https:\/\/rockwines.it\/wp-content\/uploads\/Hellen-woman_green-eyes-10-things-700x700.jpg 700w\" sizes=\"(max-width: 1024px) 100vw, 1024px\" \/>\t\t\t\t\t\t<span class=\"aig-gallery-hover\">\n\t\t\t\t\t\t\t\t\t\t\t\t\t<\/span>\n\t\t\t\t\t\t\t\t\t<\/div>\n\t\t\t<\/div>\n\t\t\t\t\t\t<\/div>\n<\/div>[\/vc_column][\/vc_row][vc_row css_animation=&#8221;&#8221; row_type=&#8221;row&#8221; use_row_as_full_screen_section=&#8221;no&#8221; type=&#8221;full_width&#8221; angled_section=&#8221;no&#8221; text_align=&#8221;left&#8221; background_image_as_pattern=&#8221;without_pattern&#8221; css=&#8221;.vc_custom_1616433018613{margin-top: 10% !important;}&#8221; z_index=&#8221;&#8221;][vc_column][\/vc_column][\/vc_row]<\/p>\n<\/div>","protected":false},"excerpt":{"rendered":"<p>[vc_row css_animation=&#8221;&#8221; row_type=&#8221;row&#8221; use_row_as_full_screen_section=&#8221;no&#8221; type=&#8221;grid&#8221; angled_section=&#8221;no&#8221; text_align=&#8221;left&#8221; background_image_as_pattern=&#8221;without_pattern&#8221; z_index=&#8221;&#8221; css=&#8221;.vc_custom_1575622160310{margin-top: 100px !important;margin-bottom: 100px !important;}&#8221;][vc_column][qode_elements_holder number_of_columns=&#8221;one_column&#8221;][qode_elements_holder_item advanced_animations=&#8221;no&#8221;][vc_column_text] Qualit\u00e0, Creativit\u00e0 e Divertimento .Rockwines \u00e8 una storia vera. .La Storia comincia ..molti anni f\u00e0 nelle campagne di ..via Ca&#8217; del Ferro, 13 e &#8230;nei vigneti di Marcellise a&#8230;<\/p>\n","protected":false},"author":1,"featured_media":0,"parent":0,"menu_order":0,"comment_status":"closed","ping_status":"closed","template":"full_width.php","meta":{"footnotes":""},"class_list":["post-2425","page","type-page","status-publish","hentry"],"yoast_head":"<!-- This site is optimized with the Yoast SEO plugin v26.8 - https:\/\/yoast.com\/product\/yoast-seo-wordpress\/ -->\n<title>Storia &#8211; ROCK WINES<\/title>\n<meta name=\"robots\" content=\"index, follow, max-snippet:-1, max-image-preview:large, max-video-preview:-1\" \/>\n<link rel=\"canonical\" href=\"https:\/\/rockwines.it\/it\/a-proposito-di-noi\/\" \/>\n<meta property=\"og:locale\" content=\"it_IT\" \/>\n<meta property=\"og:type\" content=\"article\" \/>\n<meta property=\"og:title\" content=\"Storia &#8211; ROCK WINES\" \/>\n<meta property=\"og:description\" content=\"[vc_row css_animation=&#8221;&#8221; row_type=&#8221;row&#8221; use_row_as_full_screen_section=&#8221;no&#8221; type=&#8221;grid&#8221; angled_section=&#8221;no&#8221; text_align=&#8221;left&#8221; background_image_as_pattern=&#8221;without_pattern&#8221; z_index=&#8221;&#8221; css=&#8221;.vc_custom_1575622160310{margin-top: 100px !important;margin-bottom: 100px !important;}&#8221;][vc_column][qode_elements_holder number_of_columns=&#8221;one_column&#8221;][qode_elements_holder_item advanced_animations=&#8221;no&#8221;][vc_column_text] Qualit\u00e0, Creativit\u00e0 e Divertimento .Rockwines \u00e8 una storia vera. .La Storia comincia ..molti anni f\u00e0 nelle campagne di ..via Ca&#8217; del Ferro, 13 e &#8230;nei vigneti di Marcellise a...\" \/>\n<meta property=\"og:url\" content=\"https:\/\/rockwines.it\/it\/a-proposito-di-noi\/\" \/>\n<meta property=\"og:site_name\" content=\"ROCK WINES\" \/>\n<meta property=\"article:publisher\" content=\"https:\/\/www.facebook.com\/rockwines.it\" \/>\n<meta property=\"article:modified_time\" content=\"2024-03-11T18:31:11+00:00\" \/>\n<meta name=\"twitter:card\" content=\"summary_large_image\" \/>\n<meta name=\"twitter:label1\" content=\"Tempo di lettura stimato\" \/>\n\t<meta name=\"twitter:data1\" content=\"3 minuti\" \/>\n<script type=\"application\/ld+json\" class=\"yoast-schema-graph\">{\"@context\":\"https:\/\/schema.org\",\"@graph\":[{\"@type\":\"WebPage\",\"@id\":\"https:\/\/rockwines.it\/it\/a-proposito-di-noi\/\",\"url\":\"https:\/\/rockwines.it\/it\/a-proposito-di-noi\/\",\"name\":\"Storia &#8211; ROCK WINES\",\"isPartOf\":{\"@id\":\"https:\/\/rockwines.it\/it\/#website\"},\"datePublished\":\"2020-03-27T14:23:10+00:00\",\"dateModified\":\"2024-03-11T18:31:11+00:00\",\"breadcrumb\":{\"@id\":\"https:\/\/rockwines.it\/it\/a-proposito-di-noi\/#breadcrumb\"},\"inLanguage\":\"it-IT\",\"potentialAction\":[{\"@type\":\"ReadAction\",\"target\":[\"https:\/\/rockwines.it\/it\/a-proposito-di-noi\/\"]}]},{\"@type\":\"BreadcrumbList\",\"@id\":\"https:\/\/rockwines.it\/it\/a-proposito-di-noi\/#breadcrumb\",\"itemListElement\":[{\"@type\":\"ListItem\",\"position\":1,\"name\":\"Home\",\"item\":\"https:\/\/rockwines.it\/it\/home\/\"},{\"@type\":\"ListItem\",\"position\":2,\"name\":\"Storia\"}]},{\"@type\":\"WebSite\",\"@id\":\"https:\/\/rockwines.it\/it\/#website\",\"url\":\"https:\/\/rockwines.it\/it\/\",\"name\":\"ROCK WINES - WINE ENERGY\",\"description\":\"ROCK WINES Excellent Italian Wines\",\"publisher\":{\"@id\":\"https:\/\/rockwines.it\/it\/#organization\"},\"potentialAction\":[{\"@type\":\"SearchAction\",\"target\":{\"@type\":\"EntryPoint\",\"urlTemplate\":\"https:\/\/rockwines.it\/it\/?s={search_term_string}\"},\"query-input\":{\"@type\":\"PropertyValueSpecification\",\"valueRequired\":true,\"valueName\":\"search_term_string\"}}],\"inLanguage\":\"it-IT\"},{\"@type\":\"Organization\",\"@id\":\"https:\/\/rockwines.it\/it\/#organization\",\"name\":\"RockWines\",\"url\":\"https:\/\/rockwines.it\/it\/\",\"logo\":{\"@type\":\"ImageObject\",\"inLanguage\":\"it-IT\",\"@id\":\"https:\/\/rockwines.it\/it\/#\/schema\/logo\/image\/\",\"url\":\"https:\/\/rockwines.it\/wp-content\/uploads\/2020\/02\/ROCKWINES_LOGO_NERO_70x218.png\",\"contentUrl\":\"https:\/\/rockwines.it\/wp-content\/uploads\/2020\/02\/ROCKWINES_LOGO_NERO_70x218.png\",\"width\":218,\"height\":70,\"caption\":\"RockWines\"},\"image\":{\"@id\":\"https:\/\/rockwines.it\/it\/#\/schema\/logo\/image\/\"},\"sameAs\":[\"https:\/\/www.facebook.com\/rockwines.it\",\"https:\/\/www.instagram.com\/rock_wines\/\"]}]}<\/script>\n<!-- \/ Yoast SEO plugin. -->","yoast_head_json":{"title":"Storia &#8211; ROCK WINES","robots":{"index":"index","follow":"follow","max-snippet":"max-snippet:-1","max-image-preview":"max-image-preview:large","max-video-preview":"max-video-preview:-1"},"canonical":"https:\/\/rockwines.it\/it\/a-proposito-di-noi\/","og_locale":"it_IT","og_type":"article","og_title":"Storia &#8211; ROCK WINES","og_description":"[vc_row css_animation=&#8221;&#8221; row_type=&#8221;row&#8221; use_row_as_full_screen_section=&#8221;no&#8221; type=&#8221;grid&#8221; angled_section=&#8221;no&#8221; text_align=&#8221;left&#8221; background_image_as_pattern=&#8221;without_pattern&#8221; z_index=&#8221;&#8221; css=&#8221;.vc_custom_1575622160310{margin-top: 100px !important;margin-bottom: 100px !important;}&#8221;][vc_column][qode_elements_holder number_of_columns=&#8221;one_column&#8221;][qode_elements_holder_item advanced_animations=&#8221;no&#8221;][vc_column_text] Qualit\u00e0, Creativit\u00e0 e Divertimento .Rockwines \u00e8 una storia vera. .La Storia comincia ..molti anni f\u00e0 nelle campagne di ..via Ca&#8217; del Ferro, 13 e &#8230;nei vigneti di Marcellise a...","og_url":"https:\/\/rockwines.it\/it\/a-proposito-di-noi\/","og_site_name":"ROCK WINES","article_publisher":"https:\/\/www.facebook.com\/rockwines.it","article_modified_time":"2024-03-11T18:31:11+00:00","twitter_card":"summary_large_image","twitter_misc":{"Tempo di lettura stimato":"3 minuti"},"schema":{"@context":"https:\/\/schema.org","@graph":[{"@type":"WebPage","@id":"https:\/\/rockwines.it\/it\/a-proposito-di-noi\/","url":"https:\/\/rockwines.it\/it\/a-proposito-di-noi\/","name":"Storia &#8211; ROCK WINES","isPartOf":{"@id":"https:\/\/rockwines.it\/it\/#website"},"datePublished":"2020-03-27T14:23:10+00:00","dateModified":"2024-03-11T18:31:11+00:00","breadcrumb":{"@id":"https:\/\/rockwines.it\/it\/a-proposito-di-noi\/#breadcrumb"},"inLanguage":"it-IT","potentialAction":[{"@type":"ReadAction","target":["https:\/\/rockwines.it\/it\/a-proposito-di-noi\/"]}]},{"@type":"BreadcrumbList","@id":"https:\/\/rockwines.it\/it\/a-proposito-di-noi\/#breadcrumb","itemListElement":[{"@type":"ListItem","position":1,"name":"Home","item":"https:\/\/rockwines.it\/it\/home\/"},{"@type":"ListItem","position":2,"name":"Storia"}]},{"@type":"WebSite","@id":"https:\/\/rockwines.it\/it\/#website","url":"https:\/\/rockwines.it\/it\/","name":"ROCK WINES - WINE ENERGY","description":"ROCK WINES Excellent Italian Wines","publisher":{"@id":"https:\/\/rockwines.it\/it\/#organization"},"potentialAction":[{"@type":"SearchAction","target":{"@type":"EntryPoint","urlTemplate":"https:\/\/rockwines.it\/it\/?s={search_term_string}"},"query-input":{"@type":"PropertyValueSpecification","valueRequired":true,"valueName":"search_term_string"}}],"inLanguage":"it-IT"},{"@type":"Organization","@id":"https:\/\/rockwines.it\/it\/#organization","name":"RockWines","url":"https:\/\/rockwines.it\/it\/","logo":{"@type":"ImageObject","inLanguage":"it-IT","@id":"https:\/\/rockwines.it\/it\/#\/schema\/logo\/image\/","url":"https:\/\/rockwines.it\/wp-content\/uploads\/2020\/02\/ROCKWINES_LOGO_NERO_70x218.png","contentUrl":"https:\/\/rockwines.it\/wp-content\/uploads\/2020\/02\/ROCKWINES_LOGO_NERO_70x218.png","width":218,"height":70,"caption":"RockWines"},"image":{"@id":"https:\/\/rockwines.it\/it\/#\/schema\/logo\/image\/"},"sameAs":["https:\/\/www.facebook.com\/rockwines.it","https:\/\/www.instagram.com\/rock_wines\/"]}]}},"_links":{"self":[{"href":"https:\/\/rockwines.it\/it\/wp-json\/wp\/v2\/pages\/2425","targetHints":{"allow":["GET"]}}],"collection":[{"href":"https:\/\/rockwines.it\/it\/wp-json\/wp\/v2\/pages"}],"about":[{"href":"https:\/\/rockwines.it\/it\/wp-json\/wp\/v2\/types\/page"}],"author":[{"embeddable":true,"href":"https:\/\/rockwines.it\/it\/wp-json\/wp\/v2\/users\/1"}],"replies":[{"embeddable":true,"href":"https:\/\/rockwines.it\/it\/wp-json\/wp\/v2\/comments?post=2425"}],"version-history":[{"count":6,"href":"https:\/\/rockwines.it\/it\/wp-json\/wp\/v2\/pages\/2425\/revisions"}],"predecessor-version":[{"id":4091,"href":"https:\/\/rockwines.it\/it\/wp-json\/wp\/v2\/pages\/2425\/revisions\/4091"}],"wp:attachment":[{"href":"https:\/\/rockwines.it\/it\/wp-json\/wp\/v2\/media?parent=2425"}],"curies":[{"name":"wp","href":"https:\/\/api.w.org\/{rel}","templated":true}]}}